{"id":6539,"date":"2020-10-12T13:53:09","date_gmt":"2020-10-12T13:53:09","guid":{"rendered":"http:\/\/themestate.com\/demo\/woodson\/contact-us"},"modified":"2023-11-24T15:43:40","modified_gmt":"2023-11-24T13:43:40","slug":"contacto","status":"publish","type":"page","link":"https:\/\/maderaspeteiro.com\/web\/contacto\/","title":{"rendered":"Contacto"},"content":{"rendered":"\t\t<div data-elementor-type=\"wp-page\" data-elementor-id=\"6539\" class=\"elementor elementor-6539\">\n\t\t\t\t\t\t<section class=\"elementor-section elementor-top-section elementor-element elementor-element-7fcd272 elementor-section-boxed elementor-section-height-default elementor-section-height-default\" data-id=\"7fcd272\" data-element_type=\"section\" data-settings=\"{&quot;background_background&quot;:&quot;gradient&quot;}\">\n\t\t\t\t\t\t<div class=\"elementor-container elementor-column-gap-wide\">\n\t\t\t\t\t<div class=\"elementor-column elementor-col-33 elementor-top-column elementor-element elementor-element-21aba1f\" data-id=\"21aba1f\" data-element_type=\"column\" data-settings=\"{&quot;background_background&quot;:&quot;classic&quot;}\">\n\t\t\t<div class=\"elementor-widget-wrap elementor-element-populated\">\n\t\t\t\t\t\t<div class=\"elementor-element elementor-element-1c07c40 elementor-widget elementor-widget-heading\" data-id=\"1c07c40\" data-element_type=\"widget\" data-widget_type=\"heading.default\">\n\t\t\t\t<div class=\"elementor-widget-container\">\n\t\t\t\t\t<h4 class=\"elementor-heading-title elementor-size-default\">Estaremos encantados conocer sus necesidades y proyectos<\/h4>\t\t\t\t<\/div>\n\t\t\t\t<\/div>\n\t\t\t\t<div class=\"elementor-element elementor-element-c7b4d41 elementor-widget elementor-widget-heading\" data-id=\"c7b4d41\" data-element_type=\"widget\" data-widget_type=\"heading.default\">\n\t\t\t\t<div class=\"elementor-widget-container\">\n\t\t\t\t\t<h4 class=\"elementor-heading-title elementor-size-default\">Cont\u00e1ctenos<\/h4>\t\t\t\t<\/div>\n\t\t\t\t<\/div>\n\t\t\t\t<div class=\"elementor-element elementor-element-1890d86 elementor-widget elementor-widget-heading\" data-id=\"1890d86\" data-element_type=\"widget\" data-widget_type=\"heading.default\">\n\t\t\t\t<div class=\"elementor-widget-container\">\n\t\t\t\t\t<p class=\"elementor-heading-title elementor-size-default\"><a href=\"http:\/\/mp@maderaspeteiro.com\">Si tiene un proyecto que compartir, estaremos encantados de leerle en mp@maderaspeteiro.com<\/a><\/p>\t\t\t\t<\/div>\n\t\t\t\t<\/div>\n\t\t\t\t<div class=\"elementor-element elementor-element-4398248 elementor-widget-divider--view-line elementor-widget elementor-widget-divider\" data-id=\"4398248\" data-element_type=\"widget\" data-widget_type=\"divider.default\">\n\t\t\t\t<div class=\"elementor-widget-container\">\n\t\t\t\t\t\t\t<div class=\"elementor-divider\">\n\t\t\t<span class=\"elementor-divider-separator\">\n\t\t\t\t\t\t<\/span>\n\t\t<\/div>\n\t\t\t\t\t\t<\/div>\n\t\t\t\t<\/div>\n\t\t\t\t<div class=\"elementor-element elementor-element-742e51b elementor-widget elementor-widget-heading\" data-id=\"742e51b\" data-element_type=\"widget\" data-widget_type=\"heading.default\">\n\t\t\t\t<div class=\"elementor-widget-container\">\n\t\t\t\t\t<h4 class=\"elementor-heading-title elementor-size-default\">ESTAMOS EN<\/h4>\t\t\t\t<\/div>\n\t\t\t\t<\/div>\n\t\t\t\t<div class=\"elementor-element elementor-element-38479bf elementor-widget elementor-widget-heading\" data-id=\"38479bf\" data-element_type=\"widget\" data-widget_type=\"heading.default\">\n\t\t\t\t<div class=\"elementor-widget-container\">\n\t\t\t\t\t<p class=\"elementor-heading-title elementor-size-default\">Carretera de Los Fuertes<br>Pol\u00edgono de Los Rosales<br>La Coru\u00f1a 15011<br>Espa\u00f1a<\/p>\t\t\t\t<\/div>\n\t\t\t\t<\/div>\n\t\t\t\t<div class=\"elementor-element elementor-element-d840f5a elementor-widget-divider--view-line elementor-widget elementor-widget-divider\" data-id=\"d840f5a\" data-element_type=\"widget\" data-widget_type=\"divider.default\">\n\t\t\t\t<div class=\"elementor-widget-container\">\n\t\t\t\t\t\t\t<div class=\"elementor-divider\">\n\t\t\t<span class=\"elementor-divider-separator\">\n\t\t\t\t\t\t<\/span>\n\t\t<\/div>\n\t\t\t\t\t\t<\/div>\n\t\t\t\t<\/div>\n\t\t\t\t<div class=\"elementor-element elementor-element-2a60182 elementor-widget elementor-widget-heading\" data-id=\"2a60182\" data-element_type=\"widget\" data-widget_type=\"heading.default\">\n\t\t\t\t<div class=\"elementor-widget-container\">\n\t\t\t\t\t<h4 class=\"elementor-heading-title elementor-size-default\">telefono<\/h4>\t\t\t\t<\/div>\n\t\t\t\t<\/div>\n\t\t\t\t<div class=\"elementor-element elementor-element-6514fc4 elementor-widget elementor-widget-heading\" data-id=\"6514fc4\" data-element_type=\"widget\" data-widget_type=\"heading.default\">\n\t\t\t\t<div class=\"elementor-widget-container\">\n\t\t\t\t\t<p class=\"elementor-heading-title elementor-size-default\">(+34) 981 272 100<br><\/p>\t\t\t\t<\/div>\n\t\t\t\t<\/div>\n\t\t\t\t\t<\/div>\n\t\t<\/div>\n\t\t\t\t<div class=\"elementor-column elementor-col-33 elementor-top-column elementor-element elementor-element-3104ec7 elementor-hidden-mobile\" data-id=\"3104ec7\" data-element_type=\"column\">\n\t\t\t<div class=\"elementor-widget-wrap\">\n\t\t\t\t\t\t\t<\/div>\n\t\t<\/div>\n\t\t\t\t<div class=\"elementor-column elementor-col-33 elementor-top-column elementor-element elementor-element-49e782c\" data-id=\"49e782c\" data-element_type=\"column\" data-settings=\"{&quot;background_background&quot;:&quot;classic&quot;}\">\n\t\t\t<div class=\"elementor-widget-wrap elementor-element-populated\">\n\t\t\t\t\t\t<div class=\"elementor-element elementor-element-fc9cd97 elementor-widget elementor-widget-shortcode\" data-id=\"fc9cd97\" data-element_type=\"widget\" data-widget_type=\"shortcode.default\">\n\t\t\t\t<div class=\"elementor-widget-container\">\n\t\t\t\t\t\t\t<div class=\"elementor-shortcode\">\n<div class=\"wpcf7 no-js\" id=\"wpcf7-f8208-o1\" lang=\"en-US\" dir=\"ltr\" data-wpcf7-id=\"8208\">\n<div class=\"screen-reader-response\"><p role=\"status\" aria-live=\"polite\" aria-atomic=\"true\"><\/p> <ul><\/ul><\/div>\n<form action=\"\/web\/wp-json\/wp\/v2\/pages\/6539#wpcf7-f8208-o1\" method=\"post\" class=\"wpcf7-form init\" aria-label=\"Contact form\" novalidate=\"novalidate\" data-status=\"init\">\n<fieldset class=\"hidden-fields-container\"><input type=\"hidden\" name=\"_wpcf7\" value=\"8208\" \/><input type=\"hidden\" name=\"_wpcf7_version\" value=\"6.1.2\" \/><input type=\"hidden\" name=\"_wpcf7_locale\" value=\"en_US\" \/><input type=\"hidden\" name=\"_wpcf7_unit_tag\" value=\"wpcf7-f8208-o1\" \/><input type=\"hidden\" name=\"_wpcf7_container_post\" value=\"0\" \/><input type=\"hidden\" name=\"_wpcf7_posted_data_hash\" value=\"\" \/>\n<\/fieldset>\n<div class=\"tmnf_columns_wrap\">\n\t<div class=\"tmnf_column tmnf_column_6\">\n\t\t<p><label> Nombre*<\/label><br \/>\n<span class=\"wpcf7-form-control-wrap\" data-name=\"nombre\"><input size=\"40\" maxlength=\"400\" class=\"wpcf7-form-control wpcf7-text wpcf7-validates-as-required\" aria-required=\"true\" aria-invalid=\"false\" value=\"\" type=\"text\" name=\"nombre\" \/><\/span><br \/>\n<label> Email*<\/label><br \/>\n<span class=\"wpcf7-form-control-wrap\" data-name=\"Email\"><input size=\"40\" maxlength=\"400\" class=\"wpcf7-form-control wpcf7-email wpcf7-validates-as-required wpcf7-text wpcf7-validates-as-email\" aria-required=\"true\" aria-invalid=\"false\" value=\"\" type=\"email\" name=\"Email\" \/><\/span>\n\t\t<\/p>\n\t<\/div>\n\t<div class=\"tmnf_column tmnf_column_6\">\n\t\t<p><label>Tel\u00e9fono*<\/label><br \/>\n<span class=\"wpcf7-form-control-wrap\" data-name=\"Telefono\"><input size=\"40\" maxlength=\"400\" class=\"wpcf7-form-control wpcf7-text wpcf7-validates-as-required\" aria-required=\"true\" aria-invalid=\"false\" value=\"\" type=\"text\" name=\"Telefono\" \/><\/span><br \/>\n<label> Mensaje <\/label><br \/>\n<span class=\"wpcf7-form-control-wrap\" data-name=\"Mensaje\"><input size=\"40\" maxlength=\"400\" class=\"wpcf7-form-control wpcf7-text wpcf7-validates-as-required\" aria-required=\"true\" aria-invalid=\"false\" value=\"\" type=\"text\" name=\"Mensaje\" \/><\/span>\n\t\t<\/p>\n\t<\/div>\n<\/div>\n<p><label> Su mensaje <\/label><br \/>\n<span class=\"wpcf7-form-control-wrap\" data-name=\"mensaje\"><textarea cols=\"40\" rows=\"10\" maxlength=\"2000\" class=\"wpcf7-form-control wpcf7-textarea\" aria-invalid=\"false\" name=\"mensaje\"><\/textarea><\/span><br \/>\n<input class=\"wpcf7-form-control wpcf7-submit has-spinner\" type=\"submit\" value=\"Enviar\" \/>\n<\/p><div class=\"wpcf7-response-output\" aria-hidden=\"true\"><\/div>\n<\/form>\n<\/div>\n<\/div>\n\t\t\t\t\t\t<\/div>\n\t\t\t\t<\/div>\n\t\t\t\t\t<\/div>\n\t\t<\/div>\n\t\t\t\t\t<\/div>\n\t\t<\/section>\n\t\t\t\t<section class=\"elementor-section elementor-top-section elementor-element elementor-element-3a1dd59 elementor-section-full_width elementor-section-height-default elementor-section-height-default\" data-id=\"3a1dd59\" data-element_type=\"section\">\n\t\t\t\t\t\t<div class=\"elementor-container elementor-column-gap-no\">\n\t\t\t\t\t<div class=\"elementor-column elementor-col-100 elementor-top-column elementor-element elementor-element-5cdfe24\" data-id=\"5cdfe24\" data-element_type=\"column\">\n\t\t\t<div class=\"elementor-widget-wrap elementor-element-populated\">\n\t\t\t\t\t\t<div class=\"elementor-element elementor-element-fabd896 elementor-widget elementor-widget-google_maps\" data-id=\"fabd896\" data-element_type=\"widget\" data-widget_type=\"google_maps.default\">\n\t\t\t\t<div class=\"elementor-widget-container\">\n\t\t\t\t\t\t\t<div class=\"elementor-custom-embed\">\n\t\t\t<iframe loading=\"lazy\"\n\t\t\t\t\tsrc=\"https:\/\/maps.google.com\/maps?q=Maderas%20Peteiro%2C%20A%20Coru%C3%B1a&#038;t=m&#038;z=12&#038;output=embed&#038;iwloc=near\"\n\t\t\t\t\ttitle=\"Maderas Peteiro, A Coru\u00f1a\"\n\t\t\t\t\taria-label=\"Maderas Peteiro, A Coru\u00f1a\"\n\t\t\t><\/iframe>\n\t\t<\/div>\n\t\t\t\t\t\t<\/div>\n\t\t\t\t<\/div>\n\t\t\t\t<div class=\"elementor-element elementor-element-9024efc elementor-widget-divider--view-line elementor-widget elementor-widget-divider\" data-id=\"9024efc\" data-element_type=\"widget\" data-widget_type=\"divider.default\">\n\t\t\t\t<div class=\"elementor-widget-container\">\n\t\t\t\t\t\t\t<div class=\"elementor-divider\">\n\t\t\t<span class=\"elementor-divider-separator\">\n\t\t\t\t\t\t<\/span>\n\t\t<\/div>\n\t\t\t\t\t\t<\/div>\n\t\t\t\t<\/div>\n\t\t\t\t<div class=\"elementor-element elementor-element-9b2b79c elementor-widget elementor-widget-spacer\" data-id=\"9b2b79c\" data-element_type=\"widget\" data-widget_type=\"spacer.default\">\n\t\t\t\t<div class=\"elementor-widget-container\">\n\t\t\t\t\t\t\t<div class=\"elementor-spacer\">\n\t\t\t<div class=\"elementor-spacer-inner\"><\/div>\n\t\t<\/div>\n\t\t\t\t\t\t<\/div>\n\t\t\t\t<\/div>\n\t\t\t\t\t<\/div>\n\t\t<\/div>\n\t\t\t\t\t<\/div>\n\t\t<\/section>\n\t\t\t\t<section class=\"elementor-section elementor-top-section elementor-element elementor-element-5fd5199 elementor-section-boxed elementor-section-height-default elementor-section-height-default\" data-id=\"5fd5199\" data-element_type=\"section\" data-settings=\"{&quot;background_background&quot;:&quot;classic&quot;}\">\n\t\t\t\t\t\t\t<div class=\"elementor-background-overlay\"><\/div>\n\t\t\t\t\t\t\t<div class=\"elementor-container elementor-column-gap-wide\">\n\t\t\t\t\t<div class=\"elementor-column elementor-col-33 elementor-top-column elementor-element elementor-element-6d72ab6\" data-id=\"6d72ab6\" data-element_type=\"column\">\n\t\t\t<div class=\"elementor-widget-wrap\">\n\t\t\t\t\t\t\t<\/div>\n\t\t<\/div>\n\t\t\t\t<div class=\"elementor-column elementor-col-33 elementor-top-column elementor-element elementor-element-e704e08\" data-id=\"e704e08\" data-element_type=\"column\">\n\t\t\t<div class=\"elementor-widget-wrap elementor-element-populated\">\n\t\t\t\t\t\t<div class=\"elementor-element elementor-element-f39defb elementor-widget elementor-widget-heading\" data-id=\"f39defb\" data-element_type=\"widget\" data-widget_type=\"heading.default\">\n\t\t\t\t<div class=\"elementor-widget-container\">\n\t\t\t\t\t<h2 class=\"elementor-heading-title elementor-size-default\">si su proyecto es de madera<div>tenemos esa madera<\/div><\/h2>\t\t\t\t<\/div>\n\t\t\t\t<\/div>\n\t\t\t\t\t<\/div>\n\t\t<\/div>\n\t\t\t\t<div class=\"elementor-column elementor-col-33 elementor-top-column elementor-element elementor-element-3edffc9\" data-id=\"3edffc9\" data-element_type=\"column\">\n\t\t\t<div class=\"elementor-widget-wrap\">\n\t\t\t\t\t\t\t<\/div>\n\t\t<\/div>\n\t\t\t\t\t<\/div>\n\t\t<\/section>\n\t\t\t\t<\/div>\n\t\t","protected":false},"excerpt":{"rendered":"<div class=\"tmnf_excerpt\"><p>Estaremos encantados conocer sus necesidades y proyectos Cont\u00e1ctenos Si tiene un proyecto que compartir, estaremos encantados de leerle en mp@maderaspeteiro.com ESTAMOS EN Carretera de Los FuertesPol\u00edgono de Los RosalesLa Coru\u00f1a 15011Espa\u00f1a telefono (+34) 981 272<\/p>\n<\/div>","protected":false},"author":3,"featured_media":8744,"parent":0,"menu_order":0,"comment_status":"closed","ping_status":"closed","template":"homepage-hero-cover_alt.php","meta":{"footnotes":""},"class_list":["post-6539","page","type-page","status-publish","has-post-thumbnail","hentry"],"yoast_head":"<!-- This site is optimized with the Yoast SEO plugin v26.0 - https:\/\/yoast.com\/wordpress\/plugins\/seo\/ -->\n<title>Contacto - Maderas Peteiro<\/title>\n<meta name=\"robots\" content=\"index, follow, max-snippet:-1, max-image-preview:large, max-video-preview:-1\" \/>\n<link rel=\"canonical\" href=\"https:\/\/maderaspeteiro.com\/web\/contacto\/\" \/>\n<meta property=\"og:locale\" content=\"es_ES\" \/>\n<meta property=\"og:type\" content=\"article\" \/>\n<meta property=\"og:title\" content=\"Contacto - Maderas Peteiro\" \/>\n<meta property=\"og:description\" content=\"Estaremos encantados conocer sus necesidades y proyectos Cont\u00e1ctenos Si tiene un proyecto que compartir, estaremos encantados de leerle en mp@maderaspeteiro.com ESTAMOS EN Carretera de Los FuertesPol\u00edgono de Los RosalesLa Coru\u00f1a 15011Espa\u00f1a telefono (+34) 981 272\" \/>\n<meta property=\"og:url\" content=\"https:\/\/maderaspeteiro.com\/web\/contacto\/\" \/>\n<meta property=\"og:site_name\" content=\"Maderas Peteiro\" \/>\n<meta property=\"article:modified_time\" content=\"2023-11-24T13:43:40+00:00\" \/>\n<meta property=\"og:image\" content=\"https:\/\/maderaspeteiro.com\/web\/wp-content\/uploads\/2022\/05\/pexels-aleksey-sokolenko-9129630.jpg\" \/>\n\t<meta property=\"og:image:width\" content=\"1920\" \/>\n\t<meta property=\"og:image:height\" content=\"1407\" \/>\n\t<meta property=\"og:image:type\" content=\"image\/jpeg\" \/>\n<meta name=\"twitter:card\" content=\"summary_large_image\" \/>\n<meta name=\"twitter:label1\" content=\"Tiempo de lectura\" \/>\n\t<meta name=\"twitter:data1\" content=\"1 minuto\" \/>\n<script type=\"application\/ld+json\" class=\"yoast-schema-graph\">{\"@context\":\"https:\/\/schema.org\",\"@graph\":[{\"@type\":\"WebPage\",\"@id\":\"https:\/\/maderaspeteiro.com\/web\/contacto\/\",\"url\":\"https:\/\/maderaspeteiro.com\/web\/contacto\/\",\"name\":\"Contacto - Maderas Peteiro\",\"isPartOf\":{\"@id\":\"https:\/\/maderaspeteiro.com\/web\/#website\"},\"primaryImageOfPage\":{\"@id\":\"https:\/\/maderaspeteiro.com\/web\/contacto\/#primaryimage\"},\"image\":{\"@id\":\"https:\/\/maderaspeteiro.com\/web\/contacto\/#primaryimage\"},\"thumbnailUrl\":\"https:\/\/maderaspeteiro.com\/web\/wp-content\/uploads\/2022\/05\/pexels-aleksey-sokolenko-9129630.jpg\",\"datePublished\":\"2020-10-12T13:53:09+00:00\",\"dateModified\":\"2023-11-24T13:43:40+00:00\",\"breadcrumb\":{\"@id\":\"https:\/\/maderaspeteiro.com\/web\/contacto\/#breadcrumb\"},\"inLanguage\":\"es\",\"potentialAction\":[{\"@type\":\"ReadAction\",\"target\":[\"https:\/\/maderaspeteiro.com\/web\/contacto\/\"]}]},{\"@type\":\"ImageObject\",\"inLanguage\":\"es\",\"@id\":\"https:\/\/maderaspeteiro.com\/web\/contacto\/#primaryimage\",\"url\":\"https:\/\/maderaspeteiro.com\/web\/wp-content\/uploads\/2022\/05\/pexels-aleksey-sokolenko-9129630.jpg\",\"contentUrl\":\"https:\/\/maderaspeteiro.com\/web\/wp-content\/uploads\/2022\/05\/pexels-aleksey-sokolenko-9129630.jpg\",\"width\":1920,\"height\":1407},{\"@type\":\"BreadcrumbList\",\"@id\":\"https:\/\/maderaspeteiro.com\/web\/contacto\/#breadcrumb\",\"itemListElement\":[{\"@type\":\"ListItem\",\"position\":1,\"name\":\"Portada\",\"item\":\"https:\/\/maderaspeteiro.com\/web\/\"},{\"@type\":\"ListItem\",\"position\":2,\"name\":\"Contacto\"}]},{\"@type\":\"WebSite\",\"@id\":\"https:\/\/maderaspeteiro.com\/web\/#website\",\"url\":\"https:\/\/maderaspeteiro.com\/web\/\",\"name\":\"Maderas Peteiro\",\"description\":\"\",\"publisher\":{\"@id\":\"https:\/\/maderaspeteiro.com\/web\/#organization\"},\"potentialAction\":[{\"@type\":\"SearchAction\",\"target\":{\"@type\":\"EntryPoint\",\"urlTemplate\":\"https:\/\/maderaspeteiro.com\/web\/?s={search_term_string}\"},\"query-input\":{\"@type\":\"PropertyValueSpecification\",\"valueRequired\":true,\"valueName\":\"search_term_string\"}}],\"inLanguage\":\"es\"},{\"@type\":\"Organization\",\"@id\":\"https:\/\/maderaspeteiro.com\/web\/#organization\",\"name\":\"Maderas Peteiro\",\"url\":\"https:\/\/maderaspeteiro.com\/web\/\",\"logo\":{\"@type\":\"ImageObject\",\"inLanguage\":\"es\",\"@id\":\"https:\/\/maderaspeteiro.com\/web\/#\/schema\/logo\/image\/\",\"url\":\"https:\/\/maderaspeteiro.com\/web\/wp-content\/uploads\/2023\/11\/Logo-cabecera-1.png\",\"contentUrl\":\"https:\/\/maderaspeteiro.com\/web\/wp-content\/uploads\/2023\/11\/Logo-cabecera-1.png\",\"width\":280,\"height\":96,\"caption\":\"Maderas Peteiro\"},\"image\":{\"@id\":\"https:\/\/maderaspeteiro.com\/web\/#\/schema\/logo\/image\/\"}}]}<\/script>\n<!-- \/ Yoast SEO plugin. -->","yoast_head_json":{"title":"Contacto - Maderas Peteiro","robots":{"index":"index","follow":"follow","max-snippet":"max-snippet:-1","max-image-preview":"max-image-preview:large","max-video-preview":"max-video-preview:-1"},"canonical":"https:\/\/maderaspeteiro.com\/web\/contacto\/","og_locale":"es_ES","og_type":"article","og_title":"Contacto - Maderas Peteiro","og_description":"Estaremos encantados conocer sus necesidades y proyectos Cont\u00e1ctenos Si tiene un proyecto que compartir, estaremos encantados de leerle en mp@maderaspeteiro.com ESTAMOS EN Carretera de Los FuertesPol\u00edgono de Los RosalesLa Coru\u00f1a 15011Espa\u00f1a telefono (+34) 981 272","og_url":"https:\/\/maderaspeteiro.com\/web\/contacto\/","og_site_name":"Maderas Peteiro","article_modified_time":"2023-11-24T13:43:40+00:00","og_image":[{"width":1920,"height":1407,"url":"https:\/\/maderaspeteiro.com\/web\/wp-content\/uploads\/2022\/05\/pexels-aleksey-sokolenko-9129630.jpg","type":"image\/jpeg"}],"twitter_card":"summary_large_image","twitter_misc":{"Tiempo de lectura":"1 minuto"},"schema":{"@context":"https:\/\/schema.org","@graph":[{"@type":"WebPage","@id":"https:\/\/maderaspeteiro.com\/web\/contacto\/","url":"https:\/\/maderaspeteiro.com\/web\/contacto\/","name":"Contacto - Maderas Peteiro","isPartOf":{"@id":"https:\/\/maderaspeteiro.com\/web\/#website"},"primaryImageOfPage":{"@id":"https:\/\/maderaspeteiro.com\/web\/contacto\/#primaryimage"},"image":{"@id":"https:\/\/maderaspeteiro.com\/web\/contacto\/#primaryimage"},"thumbnailUrl":"https:\/\/maderaspeteiro.com\/web\/wp-content\/uploads\/2022\/05\/pexels-aleksey-sokolenko-9129630.jpg","datePublished":"2020-10-12T13:53:09+00:00","dateModified":"2023-11-24T13:43:40+00:00","breadcrumb":{"@id":"https:\/\/maderaspeteiro.com\/web\/contacto\/#breadcrumb"},"inLanguage":"es","potentialAction":[{"@type":"ReadAction","target":["https:\/\/maderaspeteiro.com\/web\/contacto\/"]}]},{"@type":"ImageObject","inLanguage":"es","@id":"https:\/\/maderaspeteiro.com\/web\/contacto\/#primaryimage","url":"https:\/\/maderaspeteiro.com\/web\/wp-content\/uploads\/2022\/05\/pexels-aleksey-sokolenko-9129630.jpg","contentUrl":"https:\/\/maderaspeteiro.com\/web\/wp-content\/uploads\/2022\/05\/pexels-aleksey-sokolenko-9129630.jpg","width":1920,"height":1407},{"@type":"BreadcrumbList","@id":"https:\/\/maderaspeteiro.com\/web\/contacto\/#breadcrumb","itemListElement":[{"@type":"ListItem","position":1,"name":"Portada","item":"https:\/\/maderaspeteiro.com\/web\/"},{"@type":"ListItem","position":2,"name":"Contacto"}]},{"@type":"WebSite","@id":"https:\/\/maderaspeteiro.com\/web\/#website","url":"https:\/\/maderaspeteiro.com\/web\/","name":"Maderas Peteiro","description":"","publisher":{"@id":"https:\/\/maderaspeteiro.com\/web\/#organization"},"potentialAction":[{"@type":"SearchAction","target":{"@type":"EntryPoint","urlTemplate":"https:\/\/maderaspeteiro.com\/web\/?s={search_term_string}"},"query-input":{"@type":"PropertyValueSpecification","valueRequired":true,"valueName":"search_term_string"}}],"inLanguage":"es"},{"@type":"Organization","@id":"https:\/\/maderaspeteiro.com\/web\/#organization","name":"Maderas Peteiro","url":"https:\/\/maderaspeteiro.com\/web\/","logo":{"@type":"ImageObject","inLanguage":"es","@id":"https:\/\/maderaspeteiro.com\/web\/#\/schema\/logo\/image\/","url":"https:\/\/maderaspeteiro.com\/web\/wp-content\/uploads\/2023\/11\/Logo-cabecera-1.png","contentUrl":"https:\/\/maderaspeteiro.com\/web\/wp-content\/uploads\/2023\/11\/Logo-cabecera-1.png","width":280,"height":96,"caption":"Maderas Peteiro"},"image":{"@id":"https:\/\/maderaspeteiro.com\/web\/#\/schema\/logo\/image\/"}}]}},"_links":{"self":[{"href":"https:\/\/maderaspeteiro.com\/web\/wp-json\/wp\/v2\/pages\/6539","targetHints":{"allow":["GET"]}}],"collection":[{"href":"https:\/\/maderaspeteiro.com\/web\/wp-json\/wp\/v2\/pages"}],"about":[{"href":"https:\/\/maderaspeteiro.com\/web\/wp-json\/wp\/v2\/types\/page"}],"author":[{"embeddable":true,"href":"https:\/\/maderaspeteiro.com\/web\/wp-json\/wp\/v2\/users\/3"}],"replies":[{"embeddable":true,"href":"https:\/\/maderaspeteiro.com\/web\/wp-json\/wp\/v2\/comments?post=6539"}],"version-history":[{"count":5,"href":"https:\/\/maderaspeteiro.com\/web\/wp-json\/wp\/v2\/pages\/6539\/revisions"}],"predecessor-version":[{"id":10509,"href":"https:\/\/maderaspeteiro.com\/web\/wp-json\/wp\/v2\/pages\/6539\/revisions\/10509"}],"wp:featuredmedia":[{"embeddable":true,"href":"https:\/\/maderaspeteiro.com\/web\/wp-json\/wp\/v2\/media\/8744"}],"wp:attachment":[{"href":"https:\/\/maderaspeteiro.com\/web\/wp-json\/wp\/v2\/media?parent=6539"}],"curies":[{"name":"wp","href":"https:\/\/api.w.org\/{rel}","templated":true}]}}