{"id":2242,"date":"2023-08-30T21:58:13","date_gmt":"2023-08-30T19:58:13","guid":{"rendered":"https:\/\/maderaspeteiro.com\/web\/?page_id=2242"},"modified":"2023-11-24T15:11:26","modified_gmt":"2023-11-24T13:11:26","slug":"aviso-legal","status":"publish","type":"page","link":"https:\/\/maderaspeteiro.com\/web\/aviso-legal\/","title":{"rendered":"Aviso legal"},"content":{"rendered":"\t\t<div data-elementor-type=\"wp-page\" data-elementor-id=\"2242\" class=\"elementor elementor-2242\">\n\t\t\t\t\t\t<section class=\"elementor-section elementor-top-section elementor-element elementor-element-40ebfbf elementor-section-boxed elementor-section-height-default elementor-section-height-default\" data-id=\"40ebfbf\" data-element_type=\"section\">\n\t\t\t\t\t\t<div class=\"elementor-container elementor-column-gap-default\">\n\t\t\t\t\t<div class=\"elementor-column elementor-col-100 elementor-top-column elementor-element elementor-element-0293f57\" data-id=\"0293f57\" data-element_type=\"column\">\n\t\t\t<div class=\"elementor-widget-wrap elementor-element-populated\">\n\t\t\t\t\t\t<div class=\"elementor-element elementor-element-a1f4bfa elementor-widget elementor-widget-spacer\" data-id=\"a1f4bfa\" data-element_type=\"widget\" data-widget_type=\"spacer.default\">\n\t\t\t\t<div class=\"elementor-widget-container\">\n\t\t\t\t\t\t\t<div class=\"elementor-spacer\">\n\t\t\t<div class=\"elementor-spacer-inner\"><\/div>\n\t\t<\/div>\n\t\t\t\t\t\t<\/div>\n\t\t\t\t<\/div>\n\t\t\t\t<div class=\"elementor-element elementor-element-bb52404 elementor-widget elementor-widget-text-editor\" data-id=\"bb52404\" data-element_type=\"widget\" data-widget_type=\"text-editor.default\">\n\t\t\t\t<div class=\"elementor-widget-container\">\n\t\t\t\t\t\t\t\t\t<p>El presente aviso e informaci\u00f3n legales (en adelante, el \u201c<b>Aviso legal<\/b>\u201c) regula el uso del servicio de la p\u00e1gina web de Internet \u201chttp:\/\/maderaspeteiro.com\u201d (en adelante, \u201cla Web\u201d).<br \/><br \/>En cumplimiento con lo establecido en la Ley 34\/2002, de 11 de julio, de Servicios de la Sociedad de la Informaci\u00f3n y de Comercio Electr\u00f3nico, les informamos de que el titular de esta web es <b>\u201cMADERAS PETEIRO S.L.\u201d<\/b> (en adelante MADERAS PETEIRO), con <b>CIF B15440530<\/b><span class=\"Apple-converted-space\">\u00a0 <\/span>y domicilio social en <b>Carretera de los Fuertes, Pol\u00edgono de Los Rosales, A Coru\u00f1a 15011, Espa\u00f1a.<\/b><br \/><br \/><b>Usuarios<span class=\"Apple-converted-space\">\u00a0<\/span><\/b><br \/><br \/>El acceso a y\/o uso de la Web atribuye a quien lo realiza, la condici\u00f3n de usuario, aceptando plenamente desde ese mismo momento las presentes Condiciones Generales as\u00ed como las Condiciones Particulares que, en su caso, complementen, modifiquen o sustituyan las Condiciones Generales en relaci\u00f3n con determinados servicios y contenidos en la Web. Por lo tanto, con anterioridad a la utilizaci\u00f3n de los servicios ofrecidos por la Web, el usuario tambi\u00e9n ha de leer atentamente las correspondientes Condiciones Particulares.<br \/><br \/>Asimismo, la utilizaci\u00f3n de la Web se encuentra sometida igualmente a todos los avisos, reglamentos de uso e instrucciones, puestos en conocimiento del usuario en la medida que sustituyan, completen y\/o modifiquen el presente Aviso legal.<br \/><br \/>MADERAS PETEIRO puede modificar en cualquier momento estas Condiciones Generales o las Condiciones Particulares que se apliquen a un Servicio o contenido, lo que ser\u00e1 publicado en la Web mediante el correspondiente aviso. Las modificaciones no se aplicar\u00e1n con car\u00e1cter retroactivo y entrar\u00e1n en vigor a partir de la fecha de su publicaci\u00f3n. Si no aceptas las condiciones modificadas de un Servicio, deber\u00e1s dejar de usar dicho Servicio. Te recomendamos que consultes, peri\u00f3dicamente, las Condiciones de uso del Portal.<br \/><br \/><b>Uso de la p\u00e1gina web, sus servicios y contenidos<\/b><br \/><br \/>MADERAS PETEIRO ofrece de manera gratuita los servicios de uso de la Web. Con car\u00e1cter general la prestaci\u00f3n de los servicios no exige la previa suscripci\u00f3n o registro de los usuarios.<br \/><br \/>No obstante, MADERAS PETEIRO puede condicionar la utilizaci\u00f3n de algunos de los servicios a la previa cumplimentaci\u00f3n del correspondiente registro de usuario y\/o cliente o a la cumplimentaci\u00f3n de formularios. En todo caso, el registro se efectuar\u00e1 en la forma expresamente indicada en el propio servicio o en las Condiciones Particulares que lo regulen, debiendo el usuario facilitar informaci\u00f3n veraz y mantener actualizada, en todo momento, la informaci\u00f3n que facilite. El Usuario ser\u00e1 el \u00fanico responsable de las manifestaciones falsas o inexactas que realice y de los perjuicios que cause a MADERAS PETEIRO o a terceros por la informaci\u00f3n que facilite.<br \/><br \/>El usuario se compromete a utilizar la Web, sus servicios y contenidos sin contravenir lo dispuesto en el presente Aviso legal y aquellas Condiciones que lo complementen, modifiquen o sustituyan, la legislaci\u00f3n vigente, la buena fe, los usos generalmente aceptados y el orden p\u00fablico. Asimismo, queda prohibido, el uso de la Web con fines il\u00edcitos o lesivos contra MADERAS PETEIRO o terceros o que puedan causar perjuicio o impedir el normal funcionamiento de la Web.<br \/><br \/>Respecto de los contenidos (informaciones, textos, gr\u00e1ficos, v\u00eddeos y otros archivos de sonido y\/o imagen, fotograf\u00edas, dise\u00f1os, etc), se proh\u00edbe:<\/p><ul><li><p>Su reproducci\u00f3n, copia, distribuci\u00f3n, difusi\u00f3n, comunicaci\u00f3n p\u00fablica, transformaci\u00f3n o modificaci\u00f3n, a menos que se cuente con la autorizaci\u00f3n de sus leg\u00edtimos titulares o resulte legalmente permitido.<\/p><\/li><li><p>Cualquier vulneraci\u00f3n de los derechos de MADERAS PETEIRO o de sus leg\u00edtimos titulares sobre los mismos.<\/p><\/li><li><p>Su utilizaci\u00f3n para todo tipo de fines comerciales o publicitarios, distintos de los estrictamente permitidos.<\/p><\/li><li><p>Cualquier intento de obtener los contenidos de la Web por cualquier medio distinto de los que se pongan a disposici\u00f3n de los usuarios, as\u00ed como de los que habitualmente se empleen en la red, siempre que no causen perjuicio alguno a la Web y\/o a los servicios o contenidos.<\/p><\/li><\/ul><p>El Usuario que tenga intenci\u00f3n de establecer un hiperenlace entre su propia p\u00e1gina web y la web www.termicadelnoroeste.com deber\u00e1 cumplir las siguientes condiciones:<\/p><ul><li><p>No podr\u00e1 ocasionar confusi\u00f3n a otros potenciales usuarios respecto a la procedencia y propiedad de cada una de las p\u00e1ginas web, por lo que el hiperenlace \u00fanicamente permitir\u00e1 el acceso a la home-page o p\u00e1gina de inicio de la Web y no se crear\u00e1 un <i>frame<\/i> sobre la p\u00e1gina web www.termicadelnoroeste.com<\/p><\/li><li><p>La p\u00e1gina web en la que se establezca el hiperenlace no contendr\u00e1 informaciones o contenidos falsos, inexactos o il\u00edcitos, contrarios a la ley, a la moral o a las buenas costumbres generalmente aceptadas y al orden p\u00fablico constitucionalmente establecido y tampoco contendr\u00e1 contenidos contrarios a derechos de terceros.<\/p><\/li><li><p>El establecimiento del hiperenlace no implica en ning\u00fan caso la existencia de relaciones entre MADERAS PETEIRO y el propietario de la p\u00e1gina web en la que se establezca, ni la aceptaci\u00f3n ni aprobaci\u00f3n por parte de MADERAS PETEIRO de sus contenidos o servicios por lo que no se declarar\u00e1 ni se dar\u00e1 a entender que MADERAS PETEIRO ha autorizado el hiperenlace o que ha supervisado o asumido los servicios puestos a disposici\u00f3n de la p\u00e1gina web en la que se establece el hiperenlace.<\/p><\/li><\/ul><p><b>Responsabilidad del usuario por da\u00f1os y perjuicios<\/b><br \/><br \/>El uso de la Web se realizar\u00e1 bajo la \u00fanica y exclusiva responsabilidad del usuario, quedando exonerada expresamente MADERAS PETEIRO de los da\u00f1os y\/o perjuicios que se causaren al usuario o a terceros por dicho uso en contra de lo establecido en el presente Aviso legal y las Condiciones Particulares que en cada caso fuesen de aplicaci\u00f3n. Dicha responsabilidad se extender\u00e1 al uso, por parte del usuario o de cualquier tercero, de cualesquiera contrase\u00f1a o similares asignadas para el acceso a la Web, en su caso, o a cualesquiera de sus servicios.<br \/><br \/>Sin perjuicio de lo anterior, MADERAS PETEIRO se reserva el derecho a denegar en cualquier momento y sin necesidad de aviso previo el acceso a la Web a aquellos usuarios que incumplan estas condiciones generales, o las particulares que en cada caso les sean de aplicaci\u00f3n.<br \/><br \/><b>Duraci\u00f3n y modificaci\u00f3n unilateral<\/b><br \/><br \/>La duraci\u00f3n de la prestaci\u00f3n del servicio de la Web es de car\u00e1cter indefinido. Sin perjuicio de lo anterior, MADERAS PETEIRO a trav\u00e9s de sus <i>webmasters<\/i> podr\u00e1 modificar unilateralmente y sin previo aviso, siempre que lo considere oportuno, la estructura y dise\u00f1o de la misma, as\u00ed como modificar o eliminar los servicios, los contenidos y las condiciones de acceso y\/o uso del mismo.<br \/><br \/><b>Exclusi\u00f3n de garant\u00edas<\/b><br \/><br \/>MADERAS PETEIRO no otorga ninguna garant\u00eda ni se hace responsable, en ning\u00fan caso, de los da\u00f1os y perjuicios de cualquier naturaleza que pudieran traer causa de:<\/p><ul><li><p>La falta disponibilidad, mantenimiento y efectivo funcionamiento de la Web y\/o de sus servicios o contenidos.<\/p><\/li><li><p>La falta de utilidad, adecuaci\u00f3n o validez de la Web y\/o de sus servicios o contenidos para satisfacer necesidades, actividades o resultados concretos o expectativas de los usuarios.<\/p><\/li><li><p>La existencia de virus, programas maliciosos o lesivos en los contenidos y\/o servicios prestados a trav\u00e9s de la Web que puedan producir alteraciones en su sistema inform\u00e1tico (software y hardware) o en los documentos electr\u00f3nicos y ficheros almacenados por el usuario.<\/p><\/li><li><p>La recepci\u00f3n, obtenci\u00f3n, almacenamiento, difusi\u00f3n o transmisi\u00f3n, por parte de los usuarios, de los contenidos y la infracci\u00f3n de los derechos de propiedad intelectual, industrial, marcas, honor, intimidad personal y familiar, protecci\u00f3n de datos, imagen, propiedad o cualquier derecho de terceros a consecuencia de ello.<\/p><\/li><li><p>El uso il\u00edcito, negligente, fraudulento, contrario a las presentes Condiciones Generales, a la buena fe, a los usos generalmente aceptados o al orden p\u00fablico de la Web, sus servicios y\/o contenidos, por parte de los usuarios.<\/p><\/li><li><p>La falta de licitud, calidad, fiabilidad, utilidad, actualizaci\u00f3n y disponibilidad de los servicios prestados por terceros y puestos a disposici\u00f3n de los usuarios en la Web y\/o de los contenidos.<\/p><\/li><li><p>El incumplimiento por parte de terceros de sus obligaciones o compromisos en relaci\u00f3n con los servicios prestados a los usuarios a trav\u00e9s de la Web.<\/p><\/li><li><p>Las opiniones vertidas por los usuarios en los foros, chat y mensajes de opini\u00f3n que pudieran habilitarse en las distintas zonas de la Web.<\/p><\/li><li><p>El conocimiento que puedan tener terceros no autorizados de la clase, condiciones, caracter\u00edsticas y circunstancias del uso que los usuarios hacen de esta p\u00e1gina web y de los servicios y\/o contenidos.<\/p><\/li><\/ul><p><b>Propiedad Intelectual<span class=\"Apple-converted-space\">\u00a0<\/span><\/b><br \/><br \/>Todas las marcas, nombres comerciales o signos distintivos de cualquier clase que aparecen en la Web son propiedad de MADERAS PETEIRO o de terceros autorizados, sin que pueda entenderse que el uso o acceso a la Web y\/o a los Servicios atribuya al Usuario derecho alguno sobre las citadas marcas, nombres comerciales y\/o signos distintivos.<br \/><br \/>Asimismo, los Contenidos son propiedad intelectual de MADERAS PETEIRO , sin que puedan entenderse cedidos al Usuario, en virtud de lo establecido en este Aviso legal, ninguno de los derechos de explotaci\u00f3n que existen o puedan existir sobre dichos Contenidos m\u00e1s all\u00e1 de lo estrictamente necesario para el correcto uso de la Web y de sus Servicios.<br \/><br \/>Los derechos de propiedad Intelectual de la Web<span class=\"Apple-converted-space\">\u00a0 <\/span>www.termicadelnoroeste.com , as\u00ed como de cualquiera de los elementos susceptibles de consideraci\u00f3n de obra bajo la normativa de Propiedad Intelectual pertenecen \u00fanica y exclusivamente a MADERAS PETEIRO, siendo el titular de todos los derechos de propiedad intelectual.<br \/><br \/>En calidad de titular \u00fanico de los derechos de propiedad intelectual, corresponde a MADERAS PETEIRO<span class=\"Apple-converted-space\">\u00a0 <\/span>el ejercicio exclusivo de los derechos derivados de la titularidad del sitio web<span class=\"Apple-converted-space\">\u00a0 <\/span>www.termicadelnoroeste.com y en consecuencia, otorgar cualquier autorizaci\u00f3n para el ejercicio de toda actividad derivada de los derechos de explotaci\u00f3n y en particular, el derecho de reproducci\u00f3n, el derecho de comunicaci\u00f3n p\u00fablica, el derecho de distribuci\u00f3n, el derecho de puesta a disposici\u00f3n del p\u00fablico o el derecho de transformaci\u00f3n, en cualquiera que sea el formato utilizado.<br \/><br \/>La legitimidad de los derechos de propiedad intelectual o industrial correspondientes a los contenidos aportados por terceros es de la exclusiva responsabilidad de los mismos.<br \/><br \/><b>Legislaci\u00f3n aplicable y Jurisdicci\u00f3n<\/b><br \/><br \/>Las presentes Condiciones Generales se regir\u00e1n por la legislaci\u00f3n espa\u00f1ola. MADERAS PETEIRO<span class=\"Apple-converted-space\">\u00a0 <\/span>y el usuario, con renuncia expresa a cualquier otro fuero que pudiera corresponderles, se someten a la Jurisdicci\u00f3n de los Juzgados y Tribunales del domicilio de MADERAS PETEIRO para cuantas cuestiones pudieran suscitarse o acciones ejercitarse derivadas de la prestaci\u00f3n del servicio del la Web, sus servicios y contenidos, as\u00ed como sobre la interpretaci\u00f3n, aplicaci\u00f3n, cumplimiento o incumplimiento de lo aqu\u00ed establecido. En el supuesto de que el Usuario tenga su domicilio fuera de Espa\u00f1a, MADERAS PETEIRO y el Usuario, con renuncia expresa a cualquier otro fuero que pudiera corresponderles, se someten a la Jurisdicci\u00f3n de los Juzgados y Tribunales de Madrid, Espa\u00f1a.<\/p>\t\t\t\t\t\t\t\t<\/div>\n\t\t\t\t<\/div>\n\t\t\t\t<div class=\"elementor-element elementor-element-03d1cd5 elementor-widget-divider--view-line elementor-widget elementor-widget-divider\" data-id=\"03d1cd5\" data-element_type=\"widget\" data-widget_type=\"divider.default\">\n\t\t\t\t<div class=\"elementor-widget-container\">\n\t\t\t\t\t\t\t<div class=\"elementor-divider\">\n\t\t\t<span class=\"elementor-divider-separator\">\n\t\t\t\t\t\t<\/span>\n\t\t<\/div>\n\t\t\t\t\t\t<\/div>\n\t\t\t\t<\/div>\n\t\t\t\t<div class=\"elementor-element elementor-element-5f5a60a elementor-widget elementor-widget-spacer\" data-id=\"5f5a60a\" data-element_type=\"widget\" data-widget_type=\"spacer.default\">\n\t\t\t\t<div class=\"elementor-widget-container\">\n\t\t\t\t\t\t\t<div class=\"elementor-spacer\">\n\t\t\t<div class=\"elementor-spacer-inner\"><\/div>\n\t\t<\/div>\n\t\t\t\t\t\t<\/div>\n\t\t\t\t<\/div>\n\t\t\t\t\t<\/div>\n\t\t<\/div>\n\t\t\t\t\t<\/div>\n\t\t<\/section>\n\t\t\t\t<\/div>\n\t\t","protected":false},"excerpt":{"rendered":"<div class=\"tmnf_excerpt\"><p>El presente aviso e informaci\u00f3n legales (en adelante, el \u201cAviso legal\u201c) regula el uso del servicio de la p\u00e1gina web de Internet \u201chttp:\/\/maderaspeteiro.com\u201d (en adelante, \u201cla Web\u201d). En cumplimiento con lo establecido en la Ley<\/p>\n<\/div>","protected":false},"author":1,"featured_media":0,"parent":0,"menu_order":0,"comment_status":"closed","ping_status":"closed","template":"homepage-hero-cover_alt.php","meta":{"footnotes":""},"class_list":["post-2242","page","type-page","status-publish","hentry"],"yoast_head":"<!-- This site is optimized with the Yoast SEO plugin v26.0 - https:\/\/yoast.com\/wordpress\/plugins\/seo\/ -->\n<title>Aviso legal - Maderas Peteiro<\/title>\n<meta name=\"robots\" content=\"index, follow, max-snippet:-1, max-image-preview:large, max-video-preview:-1\" \/>\n<link rel=\"canonical\" href=\"https:\/\/maderaspeteiro.com\/web\/aviso-legal\/\" \/>\n<meta property=\"og:locale\" content=\"es_ES\" \/>\n<meta property=\"og:type\" content=\"article\" \/>\n<meta property=\"og:title\" content=\"Aviso legal - Maderas Peteiro\" \/>\n<meta property=\"og:description\" content=\"El presente aviso e informaci\u00f3n legales (en adelante, el \u201cAviso legal\u201c) regula el uso del servicio de la p\u00e1gina web de Internet \u201chttp:\/\/maderaspeteiro.com\u201d (en adelante, \u201cla Web\u201d). En cumplimiento con lo establecido en la Ley\" \/>\n<meta property=\"og:url\" content=\"https:\/\/maderaspeteiro.com\/web\/aviso-legal\/\" \/>\n<meta property=\"og:site_name\" content=\"Maderas Peteiro\" \/>\n<meta property=\"article:modified_time\" content=\"2023-11-24T13:11:26+00:00\" \/>\n<meta name=\"twitter:card\" content=\"summary_large_image\" \/>\n<meta name=\"twitter:label1\" content=\"Tiempo de lectura\" \/>\n\t<meta name=\"twitter:data1\" content=\"8 minutos\" \/>\n<script type=\"application\/ld+json\" class=\"yoast-schema-graph\">{\"@context\":\"https:\/\/schema.org\",\"@graph\":[{\"@type\":\"WebPage\",\"@id\":\"https:\/\/maderaspeteiro.com\/web\/aviso-legal\/\",\"url\":\"https:\/\/maderaspeteiro.com\/web\/aviso-legal\/\",\"name\":\"Aviso legal - Maderas Peteiro\",\"isPartOf\":{\"@id\":\"https:\/\/maderaspeteiro.com\/web\/#website\"},\"datePublished\":\"2023-08-30T19:58:13+00:00\",\"dateModified\":\"2023-11-24T13:11:26+00:00\",\"breadcrumb\":{\"@id\":\"https:\/\/maderaspeteiro.com\/web\/aviso-legal\/#breadcrumb\"},\"inLanguage\":\"es\",\"potentialAction\":[{\"@type\":\"ReadAction\",\"target\":[\"https:\/\/maderaspeteiro.com\/web\/aviso-legal\/\"]}]},{\"@type\":\"BreadcrumbList\",\"@id\":\"https:\/\/maderaspeteiro.com\/web\/aviso-legal\/#breadcrumb\",\"itemListElement\":[{\"@type\":\"ListItem\",\"position\":1,\"name\":\"Portada\",\"item\":\"https:\/\/maderaspeteiro.com\/web\/\"},{\"@type\":\"ListItem\",\"position\":2,\"name\":\"Aviso legal\"}]},{\"@type\":\"WebSite\",\"@id\":\"https:\/\/maderaspeteiro.com\/web\/#website\",\"url\":\"https:\/\/maderaspeteiro.com\/web\/\",\"name\":\"Maderas Peteiro\",\"description\":\"\",\"publisher\":{\"@id\":\"https:\/\/maderaspeteiro.com\/web\/#organization\"},\"potentialAction\":[{\"@type\":\"SearchAction\",\"target\":{\"@type\":\"EntryPoint\",\"urlTemplate\":\"https:\/\/maderaspeteiro.com\/web\/?s={search_term_string}\"},\"query-input\":{\"@type\":\"PropertyValueSpecification\",\"valueRequired\":true,\"valueName\":\"search_term_string\"}}],\"inLanguage\":\"es\"},{\"@type\":\"Organization\",\"@id\":\"https:\/\/maderaspeteiro.com\/web\/#organization\",\"name\":\"Maderas Peteiro\",\"url\":\"https:\/\/maderaspeteiro.com\/web\/\",\"logo\":{\"@type\":\"ImageObject\",\"inLanguage\":\"es\",\"@id\":\"https:\/\/maderaspeteiro.com\/web\/#\/schema\/logo\/image\/\",\"url\":\"https:\/\/maderaspeteiro.com\/web\/wp-content\/uploads\/2023\/11\/Logo-cabecera-1.png\",\"contentUrl\":\"https:\/\/maderaspeteiro.com\/web\/wp-content\/uploads\/2023\/11\/Logo-cabecera-1.png\",\"width\":280,\"height\":96,\"caption\":\"Maderas Peteiro\"},\"image\":{\"@id\":\"https:\/\/maderaspeteiro.com\/web\/#\/schema\/logo\/image\/\"}}]}<\/script>\n<!-- \/ Yoast SEO plugin. -->","yoast_head_json":{"title":"Aviso legal - Maderas Peteiro","robots":{"index":"index","follow":"follow","max-snippet":"max-snippet:-1","max-image-preview":"max-image-preview:large","max-video-preview":"max-video-preview:-1"},"canonical":"https:\/\/maderaspeteiro.com\/web\/aviso-legal\/","og_locale":"es_ES","og_type":"article","og_title":"Aviso legal - Maderas Peteiro","og_description":"El presente aviso e informaci\u00f3n legales (en adelante, el \u201cAviso legal\u201c) regula el uso del servicio de la p\u00e1gina web de Internet \u201chttp:\/\/maderaspeteiro.com\u201d (en adelante, \u201cla Web\u201d). En cumplimiento con lo establecido en la Ley","og_url":"https:\/\/maderaspeteiro.com\/web\/aviso-legal\/","og_site_name":"Maderas Peteiro","article_modified_time":"2023-11-24T13:11:26+00:00","twitter_card":"summary_large_image","twitter_misc":{"Tiempo de lectura":"8 minutos"},"schema":{"@context":"https:\/\/schema.org","@graph":[{"@type":"WebPage","@id":"https:\/\/maderaspeteiro.com\/web\/aviso-legal\/","url":"https:\/\/maderaspeteiro.com\/web\/aviso-legal\/","name":"Aviso legal - Maderas Peteiro","isPartOf":{"@id":"https:\/\/maderaspeteiro.com\/web\/#website"},"datePublished":"2023-08-30T19:58:13+00:00","dateModified":"2023-11-24T13:11:26+00:00","breadcrumb":{"@id":"https:\/\/maderaspeteiro.com\/web\/aviso-legal\/#breadcrumb"},"inLanguage":"es","potentialAction":[{"@type":"ReadAction","target":["https:\/\/maderaspeteiro.com\/web\/aviso-legal\/"]}]},{"@type":"BreadcrumbList","@id":"https:\/\/maderaspeteiro.com\/web\/aviso-legal\/#breadcrumb","itemListElement":[{"@type":"ListItem","position":1,"name":"Portada","item":"https:\/\/maderaspeteiro.com\/web\/"},{"@type":"ListItem","position":2,"name":"Aviso legal"}]},{"@type":"WebSite","@id":"https:\/\/maderaspeteiro.com\/web\/#website","url":"https:\/\/maderaspeteiro.com\/web\/","name":"Maderas Peteiro","description":"","publisher":{"@id":"https:\/\/maderaspeteiro.com\/web\/#organization"},"potentialAction":[{"@type":"SearchAction","target":{"@type":"EntryPoint","urlTemplate":"https:\/\/maderaspeteiro.com\/web\/?s={search_term_string}"},"query-input":{"@type":"PropertyValueSpecification","valueRequired":true,"valueName":"search_term_string"}}],"inLanguage":"es"},{"@type":"Organization","@id":"https:\/\/maderaspeteiro.com\/web\/#organization","name":"Maderas Peteiro","url":"https:\/\/maderaspeteiro.com\/web\/","logo":{"@type":"ImageObject","inLanguage":"es","@id":"https:\/\/maderaspeteiro.com\/web\/#\/schema\/logo\/image\/","url":"https:\/\/maderaspeteiro.com\/web\/wp-content\/uploads\/2023\/11\/Logo-cabecera-1.png","contentUrl":"https:\/\/maderaspeteiro.com\/web\/wp-content\/uploads\/2023\/11\/Logo-cabecera-1.png","width":280,"height":96,"caption":"Maderas Peteiro"},"image":{"@id":"https:\/\/maderaspeteiro.com\/web\/#\/schema\/logo\/image\/"}}]}},"_links":{"self":[{"href":"https:\/\/maderaspeteiro.com\/web\/wp-json\/wp\/v2\/pages\/2242","targetHints":{"allow":["GET"]}}],"collection":[{"href":"https:\/\/maderaspeteiro.com\/web\/wp-json\/wp\/v2\/pages"}],"about":[{"href":"https:\/\/maderaspeteiro.com\/web\/wp-json\/wp\/v2\/types\/page"}],"author":[{"embeddable":true,"href":"https:\/\/maderaspeteiro.com\/web\/wp-json\/wp\/v2\/users\/1"}],"replies":[{"embeddable":true,"href":"https:\/\/maderaspeteiro.com\/web\/wp-json\/wp\/v2\/comments?post=2242"}],"version-history":[{"count":5,"href":"https:\/\/maderaspeteiro.com\/web\/wp-json\/wp\/v2\/pages\/2242\/revisions"}],"predecessor-version":[{"id":10484,"href":"https:\/\/maderaspeteiro.com\/web\/wp-json\/wp\/v2\/pages\/2242\/revisions\/10484"}],"wp:attachment":[{"href":"https:\/\/maderaspeteiro.com\/web\/wp-json\/wp\/v2\/media?parent=2242"}],"curies":[{"name":"wp","href":"https:\/\/api.w.org\/{rel}","templated":true}]}}